{"id":646,"date":"2021-10-12T08:02:10","date_gmt":"2021-10-12T08:02:10","guid":{"rendered":"https:\/\/collective-architecture.com\/?page_id=646"},"modified":"2021-10-12T08:45:59","modified_gmt":"2021-10-12T08:45:59","slug":"canailles","status":"publish","type":"page","link":"https:\/\/collective-architecture.com\/index.php\/canailles\/","title":{"rendered":"Canailles"},"content":{"rendered":"<p>[et_pb_section fb_built=\u00a0\u00bb1&Prime; _builder_version=\u00a0\u00bb4.11.1&Prime; _module_preset=\u00a0\u00bbdefault\u00a0\u00bb global_colors_info=\u00a0\u00bb{}\u00a0\u00bb][et_pb_row column_structure=\u00a0\u00bb2_3,1_3&Prime; _builder_version=\u00a0\u00bb4.11.1&Prime; _module_preset=\u00a0\u00bbdefault\u00a0\u00bb global_colors_info=\u00a0\u00bb{}\u00a0\u00bb][et_pb_column type=\u00a0\u00bb2_3&Prime; _builder_version=\u00a0\u00bb4.11.1&Prime; _module_preset=\u00a0\u00bbdefault\u00a0\u00bb global_colors_info=\u00a0\u00bb{}\u00a0\u00bb][et_pb_image src=\u00a0\u00bbhttp:\/\/collective-architecture.com\/wp-content\/uploads\/2021\/10\/34536690_580557208967687_5413284446671470592_o.jpg\u00a0\u00bb title_text=\u00a0\u00bb34536690_580557208967687_5413284446671470592_o\u00a0\u00bb _builder_version=\u00a0\u00bb4.11.1&Prime; _module_preset=\u00a0\u00bbdefault\u00a0\u00bb global_colors_info=\u00a0\u00bb{}\u00a0\u00bb][\/et_pb_image][et_pb_image src=\u00a0\u00bbhttp:\/\/collective-architecture.com\/wp-content\/uploads\/2021\/10\/82853419_214918632864064_6012585817726523154_n.jpg\u00a0\u00bb title_text=\u00a0\u00bb82853419_214918632864064_6012585817726523154_n\u00a0\u00bb _builder_version=\u00a0\u00bb4.11.1&Prime; _module_preset=\u00a0\u00bbdefault\u00a0\u00bb global_colors_info=\u00a0\u00bb{}\u00a0\u00bb][\/et_pb_image][et_pb_image src=\u00a0\u00bbhttp:\/\/collective-architecture.com\/wp-content\/uploads\/2021\/10\/Canailles-Projet-axo-bleu-pdf.jpg\u00a0\u00bb title_text=\u00a0\u00bbCanailles &#8211; Projet axo bleu\u00a0\u00bb _builder_version=\u00a0\u00bb4.11.1&Prime; _module_preset=\u00a0\u00bbdefault\u00a0\u00bb global_colors_info=\u00a0\u00bb{}\u00a0\u00bb][\/et_pb_image][\/et_pb_column][et_pb_column type=\u00a0\u00bb1_3&Prime; _builder_version=\u00a0\u00bb4.11.1&Prime; _module_preset=\u00a0\u00bbdefault\u00a0\u00bb global_colors_info=\u00a0\u00bb{}\u00a0\u00bb][et_pb_text _builder_version=\u00a0\u00bb4.11.1&Prime; _module_preset=\u00a0\u00bbdefault\u00a0\u00bb hover_enabled=\u00a0\u00bb0&Prime; sticky_enabled=\u00a0\u00bb0&Prime;]<\/p>\n<h1>RESTAURANT CANAILLES<\/h1>\n<p>[\/et_pb_text][et_pb_text _builder_version=\u00a0\u00bb4.11.1&Prime; _module_preset=\u00a0\u00bbdefault\u00a0\u00bb hover_enabled=\u00a0\u00bb0&Prime; sticky_enabled=\u00a0\u00bb0&Prime;]<\/p>\n<p class=\"p1\"><span class=\"s1\"><b>R\u00e9novation d\u2019un restaurant<\/b><\/span><\/p>\n<p class=\"p2\"><span class=\"s1\">Annecy \/ <\/span><span class=\"s1\"><b>2018<\/b><\/span><\/p>\n<p class=\"p2\"><span class=\"s1\">Maitrise d\u2019ouvrage : Priv\u00e9e <\/span><\/p>\n<p class=\"p2\"><span class=\"s1\">Mission : Mission compl\u00e8te <\/span><\/p>\n<p class=\"p2\"><span class=\"s1\">Surface : 80 m\u00b2 <\/span><\/p>\n<p class=\"p1\"><span class=\"s1\">Budget : 85 000\u20ac HT<\/span><\/p>\n<p>[\/et_pb_text][et_pb_text _builder_version=\u00a0\u00bb4.11.1&Prime; _module_preset=\u00a0\u00bbdefault\u00a0\u00bb hover_enabled=\u00a0\u00bb0&Prime; sticky_enabled=\u00a0\u00bb0&Prime;]<\/p>\n<p class=\"p1\"><span class=\"s1\">Le restaurant \u00abCanailles\u00bb est parti de l\u2019id\u00e9e suivante : Inviter les clients \u00e0 d\u00e9couvrir les coulisses de leur restaurant. Le concept est alors simple : cuisiner devant eux et leur donner la possibilit\u00e9 d\u2019\u00e9changer directement avec le chef pendant le temps de pr\u00e9paration dans un esprit de convivialit\u00e9 et de transparence.<\/span><\/p>\n<p class=\"p1\"><span class=\"s1\">Le projet est constitu\u00e9 de trois espaces diff\u00e9rents:<\/span><\/p>\n<p class=\"p1\"><span class=\"s1\">-la cuisine ouverte, murs et<span class=\"Apple-converted-space\">\u00a0 <\/span>sols en carreaux de ciment noir, et le chef en blanc<\/span><\/p>\n<p class=\"p1\"><span class=\"s1\">-l\u2019espace de self, murs et sols en carreaux de ciment blancs et le serveur en noir<\/span><\/p>\n<p class=\"p1\"><span class=\"s1\">-la salle de restauration avec 30 places assises, lumineuse et conviviale.<\/span><\/p>\n<p>[\/et_pb_text][\/et_pb_column][\/et_pb_row][\/et_pb_section]<\/p>\n","protected":false},"excerpt":{"rendered":"<p>RESTAURANT CANAILLESR\u00e9novation d\u2019un restaurant Annecy \/ 2018 Maitrise d\u2019ouvrage : Priv\u00e9e Mission : Mission compl\u00e8te Surface : 80 m\u00b2 Budget : 85 000\u20ac HTLe restaurant \u00abCanailles\u00bb est parti de l\u2019id\u00e9e suivante : Inviter les clients \u00e0 d\u00e9couvrir les coulisses de leur restaurant. Le concept est alors simple : cuisiner devant eux et leur donner la [&hellip;]<\/p>\n","protected":false},"author":1,"featured_media":0,"parent":0,"menu_order":0,"comment_status":"closed","ping_status":"closed","template":"","meta":{"_et_pb_use_builder":"on","_et_pb_old_content":"<!-- wp:divi\/placeholder \/-->","_et_gb_content_width":"","_monsterinsights_skip_tracking":false,"_monsterinsights_sitenote_active":false,"_monsterinsights_sitenote_note":"","_monsterinsights_sitenote_category":0,"spay_email":"","footnotes":""},"class_list":["post-646","page","type-page","status-publish","hentry"],"_links":{"self":[{"href":"https:\/\/collective-architecture.com\/index.php\/wp-json\/wp\/v2\/pages\/646","targetHints":{"allow":["GET"]}}],"collection":[{"href":"https:\/\/collective-architecture.com\/index.php\/wp-json\/wp\/v2\/pages"}],"about":[{"href":"https:\/\/collective-architecture.com\/index.php\/wp-json\/wp\/v2\/types\/page"}],"author":[{"embeddable":true,"href":"https:\/\/collective-architecture.com\/index.php\/wp-json\/wp\/v2\/users\/1"}],"replies":[{"embeddable":true,"href":"https:\/\/collective-architecture.com\/index.php\/wp-json\/wp\/v2\/comments?post=646"}],"version-history":[{"count":4,"href":"https:\/\/collective-architecture.com\/index.php\/wp-json\/wp\/v2\/pages\/646\/revisions"}],"predecessor-version":[{"id":655,"href":"https:\/\/collective-architecture.com\/index.php\/wp-json\/wp\/v2\/pages\/646\/revisions\/655"}],"wp:attachment":[{"href":"https:\/\/collective-architecture.com\/index.php\/wp-json\/wp\/v2\/media?parent=646"}],"curies":[{"name":"wp","href":"https:\/\/api.w.org\/{rel}","templated":true}]}}